{"id":3,"date":"2024-06-23T19:22:29","date_gmt":"2024-06-23T17:22:29","guid":{"rendered":"http:\/\/immo-kam.com\/?page_id=3"},"modified":"2025-06-04T21:50:22","modified_gmt":"2025-06-04T19:50:22","slug":"mentions-legales","status":"publish","type":"page","link":"https:\/\/immo-kam.com\/index.php\/mentions-legales\/","title":{"rendered":"Mention l\u00e9gales"},"content":{"rendered":"\t\t<div data-elementor-type=\"wp-page\" data-elementor-id=\"3\" class=\"elementor elementor-3\">\n\t\t\t\t<div class=\"elementor-element elementor-element-4181b715 e-flex e-con-boxed e-con e-parent\" data-id=\"4181b715\" data-element_type=\"container\">\n\t\t\t\t\t<div class=\"e-con-inner\">\n\t\t\t\t<div class=\"elementor-element elementor-element-40cbbcc7 elementor-widget elementor-widget-text-editor\" data-id=\"40cbbcc7\" data-element_type=\"widget\" data-widget_type=\"text-editor.default\">\n\t\t\t\t<div class=\"elementor-widget-container\">\n\t\t\t<style>\/*! elementor - v3.22.0 - 24-06-2024 *\/\n.elementor-widget-text-editor.elementor-drop-cap-view-stacked .elementor-drop-cap{background-color:#69727d;color:#fff}.elementor-widget-text-editor.elementor-drop-cap-view-framed .elementor-drop-cap{color:#69727d;border:3px solid;background-color:transparent}.elementor-widget-text-editor:not(.elementor-drop-cap-view-default) .elementor-drop-cap{margin-top:8px}.elementor-widget-text-editor:not(.elementor-drop-cap-view-default) .elementor-drop-cap-letter{width:1em;height:1em}.elementor-widget-text-editor .elementor-drop-cap{float:left;text-align:center;line-height:1;font-size:50px}.elementor-widget-text-editor .elementor-drop-cap-letter{display:inline-block}<\/style>\t\t\t\t<h2 data-start=\"336\" data-end=\"359\"><strong data-start=\"339\" data-end=\"359\">Mentions l\u00e9gales<\/strong><\/h2>\n<h3 data-start=\"361\" data-end=\"384\"><strong data-start=\"365\" data-end=\"384\">\u00c9diteur du site<\/strong><\/h3>\n<p data-start=\"386\" data-end=\"833\"><strong data-start=\"386\" data-end=\"411\">Nom de l&rsquo;entreprise :<\/strong> Immo&rsquo; Kam<br data-start=\"421\" data-end=\"424\" \/><strong data-start=\"424\" data-end=\"445\">Forme juridique :<\/strong> Soci\u00e9t\u00e9 civile immobili\u00e8re<br data-start=\"495\" data-end=\"498\" \/><strong data-start=\"498\" data-end=\"527\">Adresse du si\u00e8ge social :<\/strong> 61 route du petit ch\u00e2ble, 74160 BEUAMONT<br data-start=\"546\" data-end=\"549\" \/><strong data-start=\"549\" data-end=\"567\">Num\u00e9ro SIRET :<\/strong> 90080949200011<\/p>\n<p data-start=\"386\" data-end=\"833\"><strong data-start=\"765\" data-end=\"776\">Email :<\/strong> <a class=\"cursor-pointer\" rel=\"noopener\" data-start=\"777\" data-end=\"796\">immokam.conciergerie@gmail.com<\/a>\u00a0<\/p>\n<hr data-start=\"835\" data-end=\"838\" \/>\n<h3 data-start=\"840\" data-end=\"859\"><strong data-start=\"844\" data-end=\"859\">H\u00e9bergement<\/strong><\/h3>\n<p data-start=\"861\" data-end=\"1042\"><strong data-start=\"861\" data-end=\"885\">Nom de l\u2019h\u00e9bergeur :<\/strong> OVH<br data-start=\"908\" data-end=\"911\" \/><strong data-start=\"911\" data-end=\"924\">Adresse :<\/strong> 2, rue Kellermann, 59100 Roubaix.<br data-start=\"1004\" data-end=\"1007\" \/><br \/><\/p>\n<hr data-start=\"1044\" data-end=\"1047\" \/>\n<h3 data-start=\"1049\" data-end=\"1081\"><strong data-start=\"1053\" data-end=\"1081\">Propri\u00e9t\u00e9 intellectuelle<\/strong><\/h3>\n<p data-start=\"1083\" data-end=\"1474\">L&rsquo;ensemble du contenu pr\u00e9sent sur le site <strong data-start=\"1125\" data-end=\"1138\">Immo&rsquo; Kam<\/strong> (textes, images, graphismes, logo, ic\u00f4nes, sons, logiciels, etc.) est la propri\u00e9t\u00e9 exclusive d\u2019Immo&rsquo; Kam, sauf mention contraire.<br data-start=\"1268\" data-end=\"1271\" \/>Toute reproduction, distribution, modification, adaptation, retransmission ou publication, m\u00eame partielle, de ces diff\u00e9rents \u00e9l\u00e9ments est strictement interdite sans l&rsquo;accord expr\u00e8s par \u00e9crit d\u2019Immo&rsquo; Kam.<\/p>\n<hr data-start=\"1476\" data-end=\"1479\" \/>\n<h3 data-start=\"1481\" data-end=\"1509\"><strong data-start=\"1485\" data-end=\"1509\">Donn\u00e9es personnelles<\/strong><\/h3>\n<p data-start=\"1511\" data-end=\"1684\">Les donn\u00e9es personnelles collect\u00e9es sur le site <strong data-start=\"1559\" data-end=\"1572\">Immo&rsquo; Kam<\/strong> sont destin\u00e9es uniquement \u00e0 un usage interne. En aucun cas ces donn\u00e9es ne seront c\u00e9d\u00e9es ou vendues \u00e0 des tiers.<\/p>\n<p data-start=\"1686\" data-end=\"1951\">Conform\u00e9ment \u00e0 la loi \u00ab Informatique et Libert\u00e9s \u00bb du 6 janvier 1978 modifi\u00e9e et au R\u00e8glement G\u00e9n\u00e9ral sur la Protection des Donn\u00e9es (RGPD), vous disposez d\u2019un droit d\u2019acc\u00e8s, de rectification, de suppression, et d\u2019opposition aux donn\u00e9es personnelles vous concernant.<\/p>\n<p data-start=\"1953\" data-end=\"2088\">Vous pouvez exercer ces droits en nous contactant \u00e0 l\u2019adresse suivante :<br data-start=\"2025\" data-end=\"2028\" \/><strong data-start=\"2028\" data-end=\"2039\">Email :<\/strong> immokam.conciergerie@gmail.com<br data-start=\"2053\" data-end=\"2056\" \/><br \/><\/p>\n<hr data-start=\"2090\" data-end=\"2093\" \/>\n<h3 data-start=\"2095\" data-end=\"2110\"><strong data-start=\"2099\" data-end=\"2110\">Cookies<\/strong><\/h3>\n<p data-start=\"2112\" data-end=\"2313\">Le site <strong data-start=\"2120\" data-end=\"2133\">Immo&rsquo; Kam<\/strong> peut-\u00eatre amen\u00e9 \u00e0 d\u00e9poser des cookies sur votre terminal pour am\u00e9liorer l\u2019exp\u00e9rience utilisateur. Vous pouvez configurer votre navigateur pour refuser l\u2019enregistrement de cookies.<\/p>\n<hr data-start=\"2315\" data-end=\"2318\" \/>\n<h3 data-start=\"2320\" data-end=\"2342\"><strong data-start=\"2324\" data-end=\"2342\">Responsabilit\u00e9<\/strong><\/h3>\n<p data-start=\"2344\" data-end=\"2643\"><strong data-start=\"2344\" data-end=\"2357\">Immo&rsquo; Kam<\/strong> met tout en \u0153uvre pour offrir aux utilisateurs des informations fiables et actualis\u00e9es. Toutefois, des erreurs ou omissions peuvent survenir. L&rsquo;utilisateur doit donc s&rsquo;assurer de l&rsquo;exactitude des informations aupr\u00e8s de l&rsquo;entreprise, et signaler toute modification qu&rsquo;il jugerait utile.<\/p>\t\t\t\t\t\t<\/div>\n\t\t\t\t<\/div>\n\t\t\t\t\t<\/div>\n\t\t\t\t<\/div>\n\t\t\t\t<\/div>\n\t\t","protected":false},"excerpt":{"rendered":"<p>Mentions l\u00e9gales \u00c9diteur du site Nom de l&rsquo;entreprise : Immo&rsquo; KamForme juridique : Soci\u00e9t\u00e9 civile immobili\u00e8reAdresse du si\u00e8ge social : 61 route du petit ch\u00e2ble, 74160 BEUAMONTNum\u00e9ro SIRET : 90080949200011 Email : immokam.conciergerie@gmail.com\u00a0 H\u00e9bergement Nom de l\u2019h\u00e9bergeur : OVHAdresse : 2, rue Kellermann, 59100 Roubaix. Propri\u00e9t\u00e9 intellectuelle L&rsquo;ensemble du contenu pr\u00e9sent sur le site Immo&rsquo; &#8230;<\/p>\n","protected":false},"author":1,"featured_media":0,"parent":0,"menu_order":0,"comment_status":"closed","ping_status":"closed","template":"","meta":{"cozystay_single_page_hide_site_header":"","cozystay_single_page_site_header_source":"","cozystay_single_page_custom_site_header":"0","cozystay_single_page_custom_sticky_site_header":"0","cozystay_single_page_hide_page_title":"","cozystay_single_page_header_section_size":"","cozystay_single_page_header_background_color":"","cozystay_single_page_header_background_position_x":"center","cozystay_single_page_header_background_position_y":"center","cozystay_single_page_header_background_size":"cover","cozystay_single_page_header_background_repeat":"off","cozystay_single_page_header_background_scroll":"on","cozystay_single_page_header_text_color":"","cozystay_single_page_header_show_breadcrumb":"","cozystay_single_page_site_footer_hide_main":"","cozystay_single_custom_site_footer_main_source":"","cozystay_single_custom_site_footer_main":"0","cozystay_single_page_site_footer_hide_above":"","cozystay_single_custom_site_footer_above_source":"","cozystay_single_custom_site_footer_above":"0","cozystay_single_page_site_footer_hide_instagram":"","cozystay_single_page_site_footer_hide_bottom":"","cozystay_single_custom_mobile_menu_source":"","cozystay_single_custom_mobile_menu":"0","cozystay_single_custom_mobile_menu_animation":"","cozystay_single_custom_mobile_menu_width":"","cozystay_single_custom_mobile_menu_custom_width":375,"footnotes":""},"class_list":["post-3","page","type-page","status-publish","hentry"],"yoast_head":"<!-- This site is optimized with the Yoast SEO plugin v22.9 - https:\/\/yoast.com\/wordpress\/plugins\/seo\/ -->\n<title>Mention l\u00e9gales - Immo&#039;Kam<\/title>\n<meta name=\"robots\" content=\"index, follow, max-snippet:-1, max-image-preview:large, max-video-preview:-1\" \/>\n<link rel=\"canonical\" href=\"https:\/\/immo-kam.com\/index.php\/mentions-legales\/\" \/>\n<meta property=\"og:locale\" content=\"fr_FR\" \/>\n<meta property=\"og:type\" content=\"article\" \/>\n<meta property=\"og:title\" content=\"Mention l\u00e9gales - Immo&#039;Kam\" \/>\n<meta property=\"og:description\" content=\"Mentions l\u00e9gales \u00c9diteur du site Nom de l&rsquo;entreprise : Immo&rsquo; KamForme juridique : Soci\u00e9t\u00e9 civile immobili\u00e8reAdresse du si\u00e8ge social : 61 route du petit ch\u00e2ble, 74160 BEUAMONTNum\u00e9ro SIRET : 90080949200011 Email : immokam.conciergerie@gmail.com\u00a0 H\u00e9bergement Nom de l\u2019h\u00e9bergeur : OVHAdresse : 2, rue Kellermann, 59100 Roubaix. Propri\u00e9t\u00e9 intellectuelle L&rsquo;ensemble du contenu pr\u00e9sent sur le site Immo&rsquo; ...\" \/>\n<meta property=\"og:url\" content=\"https:\/\/immo-kam.com\/index.php\/mentions-legales\/\" \/>\n<meta property=\"og:site_name\" content=\"Immo&#039;Kam\" \/>\n<meta property=\"article:modified_time\" content=\"2025-06-04T19:50:22+00:00\" \/>\n<meta name=\"twitter:card\" content=\"summary_large_image\" \/>\n<meta name=\"twitter:label1\" content=\"Dur\u00e9e de lecture estim\u00e9e\" \/>\n\t<meta name=\"twitter:data1\" content=\"2 minutes\" \/>\n<script type=\"application\/ld+json\" class=\"yoast-schema-graph\">{\"@context\":\"https:\/\/schema.org\",\"@graph\":[{\"@type\":\"WebPage\",\"@id\":\"https:\/\/immo-kam.com\/index.php\/mentions-legales\/\",\"url\":\"https:\/\/immo-kam.com\/index.php\/mentions-legales\/\",\"name\":\"Mention l\u00e9gales - Immo&#039;Kam\",\"isPartOf\":{\"@id\":\"https:\/\/immo-kam.com\/#website\"},\"datePublished\":\"2024-06-23T17:22:29+00:00\",\"dateModified\":\"2025-06-04T19:50:22+00:00\",\"breadcrumb\":{\"@id\":\"https:\/\/immo-kam.com\/index.php\/mentions-legales\/#breadcrumb\"},\"inLanguage\":\"fr-FR\",\"potentialAction\":[{\"@type\":\"ReadAction\",\"target\":[\"https:\/\/immo-kam.com\/index.php\/mentions-legales\/\"]}]},{\"@type\":\"BreadcrumbList\",\"@id\":\"https:\/\/immo-kam.com\/index.php\/mentions-legales\/#breadcrumb\",\"itemListElement\":[{\"@type\":\"ListItem\",\"position\":1,\"name\":\"Accueil\",\"item\":\"https:\/\/immo-kam.com\/\"},{\"@type\":\"ListItem\",\"position\":2,\"name\":\"Mention l\u00e9gales\"}]},{\"@type\":\"WebSite\",\"@id\":\"https:\/\/immo-kam.com\/#website\",\"url\":\"https:\/\/immo-kam.com\/\",\"name\":\"Immo&#039;Kam\",\"description\":\"\",\"publisher\":{\"@id\":\"https:\/\/immo-kam.com\/#organization\"},\"potentialAction\":[{\"@type\":\"SearchAction\",\"target\":{\"@type\":\"EntryPoint\",\"urlTemplate\":\"https:\/\/immo-kam.com\/?s={search_term_string}\"},\"query-input\":\"required name=search_term_string\"}],\"inLanguage\":\"fr-FR\"},{\"@type\":\"Organization\",\"@id\":\"https:\/\/immo-kam.com\/#organization\",\"name\":\"Immo&#039;Kam\",\"url\":\"https:\/\/immo-kam.com\/\",\"logo\":{\"@type\":\"ImageObject\",\"inLanguage\":\"fr-FR\",\"@id\":\"https:\/\/immo-kam.com\/#\/schema\/logo\/image\/\",\"url\":\"https:\/\/immo-kam.com\/wp-content\/uploads\/2024\/12\/cropped-Capture-decran-2024-07-24-191113.png\",\"contentUrl\":\"https:\/\/immo-kam.com\/wp-content\/uploads\/2024\/12\/cropped-Capture-decran-2024-07-24-191113.png\",\"width\":288,\"height\":183,\"caption\":\"Immo&#039;Kam\"},\"image\":{\"@id\":\"https:\/\/immo-kam.com\/#\/schema\/logo\/image\/\"}}]}<\/script>\n<!-- \/ Yoast SEO plugin. -->","yoast_head_json":{"title":"Mention l\u00e9gales - Immo&#039;Kam","robots":{"index":"index","follow":"follow","max-snippet":"max-snippet:-1","max-image-preview":"max-image-preview:large","max-video-preview":"max-video-preview:-1"},"canonical":"https:\/\/immo-kam.com\/index.php\/mentions-legales\/","og_locale":"fr_FR","og_type":"article","og_title":"Mention l\u00e9gales - Immo&#039;Kam","og_description":"Mentions l\u00e9gales \u00c9diteur du site Nom de l&rsquo;entreprise : Immo&rsquo; KamForme juridique : Soci\u00e9t\u00e9 civile immobili\u00e8reAdresse du si\u00e8ge social : 61 route du petit ch\u00e2ble, 74160 BEUAMONTNum\u00e9ro SIRET : 90080949200011 Email : immokam.conciergerie@gmail.com\u00a0 H\u00e9bergement Nom de l\u2019h\u00e9bergeur : OVHAdresse : 2, rue Kellermann, 59100 Roubaix. Propri\u00e9t\u00e9 intellectuelle L&rsquo;ensemble du contenu pr\u00e9sent sur le site Immo&rsquo; ...","og_url":"https:\/\/immo-kam.com\/index.php\/mentions-legales\/","og_site_name":"Immo&#039;Kam","article_modified_time":"2025-06-04T19:50:22+00:00","twitter_card":"summary_large_image","twitter_misc":{"Dur\u00e9e de lecture estim\u00e9e":"2 minutes"},"schema":{"@context":"https:\/\/schema.org","@graph":[{"@type":"WebPage","@id":"https:\/\/immo-kam.com\/index.php\/mentions-legales\/","url":"https:\/\/immo-kam.com\/index.php\/mentions-legales\/","name":"Mention l\u00e9gales - Immo&#039;Kam","isPartOf":{"@id":"https:\/\/immo-kam.com\/#website"},"datePublished":"2024-06-23T17:22:29+00:00","dateModified":"2025-06-04T19:50:22+00:00","breadcrumb":{"@id":"https:\/\/immo-kam.com\/index.php\/mentions-legales\/#breadcrumb"},"inLanguage":"fr-FR","potentialAction":[{"@type":"ReadAction","target":["https:\/\/immo-kam.com\/index.php\/mentions-legales\/"]}]},{"@type":"BreadcrumbList","@id":"https:\/\/immo-kam.com\/index.php\/mentions-legales\/#breadcrumb","itemListElement":[{"@type":"ListItem","position":1,"name":"Accueil","item":"https:\/\/immo-kam.com\/"},{"@type":"ListItem","position":2,"name":"Mention l\u00e9gales"}]},{"@type":"WebSite","@id":"https:\/\/immo-kam.com\/#website","url":"https:\/\/immo-kam.com\/","name":"Immo&#039;Kam","description":"","publisher":{"@id":"https:\/\/immo-kam.com\/#organization"},"potentialAction":[{"@type":"SearchAction","target":{"@type":"EntryPoint","urlTemplate":"https:\/\/immo-kam.com\/?s={search_term_string}"},"query-input":"required name=search_term_string"}],"inLanguage":"fr-FR"},{"@type":"Organization","@id":"https:\/\/immo-kam.com\/#organization","name":"Immo&#039;Kam","url":"https:\/\/immo-kam.com\/","logo":{"@type":"ImageObject","inLanguage":"fr-FR","@id":"https:\/\/immo-kam.com\/#\/schema\/logo\/image\/","url":"https:\/\/immo-kam.com\/wp-content\/uploads\/2024\/12\/cropped-Capture-decran-2024-07-24-191113.png","contentUrl":"https:\/\/immo-kam.com\/wp-content\/uploads\/2024\/12\/cropped-Capture-decran-2024-07-24-191113.png","width":288,"height":183,"caption":"Immo&#039;Kam"},"image":{"@id":"https:\/\/immo-kam.com\/#\/schema\/logo\/image\/"}}]}},"_links":{"self":[{"href":"https:\/\/immo-kam.com\/index.php\/wp-json\/wp\/v2\/pages\/3","targetHints":{"allow":["GET"]}}],"collection":[{"href":"https:\/\/immo-kam.com\/index.php\/wp-json\/wp\/v2\/pages"}],"about":[{"href":"https:\/\/immo-kam.com\/index.php\/wp-json\/wp\/v2\/types\/page"}],"author":[{"embeddable":true,"href":"https:\/\/immo-kam.com\/index.php\/wp-json\/wp\/v2\/users\/1"}],"replies":[{"embeddable":true,"href":"https:\/\/immo-kam.com\/index.php\/wp-json\/wp\/v2\/comments?post=3"}],"version-history":[{"count":4,"href":"https:\/\/immo-kam.com\/index.php\/wp-json\/wp\/v2\/pages\/3\/revisions"}],"predecessor-version":[{"id":5723,"href":"https:\/\/immo-kam.com\/index.php\/wp-json\/wp\/v2\/pages\/3\/revisions\/5723"}],"wp:attachment":[{"href":"https:\/\/immo-kam.com\/index.php\/wp-json\/wp\/v2\/media?parent=3"}],"curies":[{"name":"wp","href":"https:\/\/api.w.org\/{rel}","templated":true}]}}